{"id":84,"date":"2024-03-11T03:16:45","date_gmt":"2024-03-11T03:16:45","guid":{"rendered":"https:\/\/pro-solutions-security.com\/?page_id=84"},"modified":"2024-03-11T03:30:12","modified_gmt":"2024-03-11T03:30:12","slug":"video","status":"publish","type":"page","link":"https:\/\/pro-solutions-security.com\/?page_id=84","title":{"rendered":"video"},"content":{"rendered":"<p>[et_pb_section fb_built=\u00bb1&#8243; custom_padding_last_edited=\u00bboff|desktop\u00bb admin_label=\u00bbHeader\u00bb _builder_version=\u00bb4.24.2&#8243; _module_preset=\u00bbdefault\u00bb background_image=\u00bbhttps:\/\/pro-solutions-security.com\/wp-content\/uploads\/2024\/03\/exacq-lineup-higher-res.png\u00bb custom_padding_tablet=\u00bb80px||150px||false|false\u00bb custom_padding_phone=\u00bb50px||100px||false|false\u00bb hover_enabled=\u00bb0&#8243; locked=\u00bboff\u00bb global_colors_info=\u00bb{%22gcid-96ded951-3ae3-46a2-829e-362b8dc8ef96%22:%91%22colorEnd%22%93}\u00bb theme_builder_area=\u00bbpost_content\u00bb title_text=\u00bbexacq-lineup-higher-res\u00bb sticky_enabled=\u00bb0&#8243;][et_pb_row column_structure=\u00bb3_4,1_4&#8243; _builder_version=\u00bb4.16&#8243; _module_preset=\u00bbdefault\u00bb global_colors_info=\u00bb{}\u00bb theme_builder_area=\u00bbpost_content\u00bb][et_pb_column type=\u00bb3_4&#8243; _builder_version=\u00bb4.16&#8243; _module_preset=\u00bbdefault\u00bb global_colors_info=\u00bb{}\u00bb theme_builder_area=\u00bbpost_content\u00bb][et_pb_text _builder_version=\u00bb4.24.2&#8243; _module_preset=\u00bbd72c0383-6487-4f2c-ac5c-7d48a6376757&#8243; header_font=\u00bbChakra Petch|700|||||||\u00bb header_text_color=\u00bb#000000&#8243; header_font_size=\u00bb120px\u00bb header_font_size_tablet=\u00bb50px\u00bb header_font_size_phone=\u00bb24px\u00bb header_font_size_last_edited=\u00bbon|phone\u00bb global_colors_info=\u00bb{}\u00bb theme_builder_area=\u00bbpost_content\u00bb]<\/p>\n<h1><span style=\"color: #ffcc00;\">Video Vigilancia<\/span><\/h1>\n<p>[\/et_pb_text][et_pb_button button_text=\u00bbConsultenos\u00bb _builder_version=\u00bb4.24.2&#8243; _module_preset=\u00bba93bd5f4-85ca-4af8-aab9-5954042d5969&#8243; custom_button=\u00bbon\u00bb button_text_size=\u00bb18px\u00bb button_text_color=\u00bbgcid-96ded951-3ae3-46a2-829e-362b8dc8ef96&#8243; button_bg_color=\u00bbgcid-0f5dcbc4-ef7e-4c9a-9e04-5e1ca9e86317&#8243; button_border_width=\u00bb0px\u00bb button_border_radius=\u00bb0px\u00bb button_font=\u00bbExo|600|||||||\u00bb custom_padding=\u00bb18px|40px|18px|40px|true|true\u00bb custom_padding_tablet=\u00bb16px|35px|16px|35px|true|true\u00bb custom_padding_phone=\u00bb14px|30px|14px|30px|true|true\u00bb custom_padding_last_edited=\u00bbon|phone\u00bb button_text_size_tablet=\u00bb17px\u00bb button_text_size_phone=\u00bb16px\u00bb button_text_size_last_edited=\u00bbon|phone\u00bb button_bg_color_last_edited=\u00bboff|desktop\u00bb global_colors_info=\u00bb{%22gcid-96ded951-3ae3-46a2-829e-362b8dc8ef96%22:%91%22button_text_color%22%93,%22gcid-0f5dcbc4-ef7e-4c9a-9e04-5e1ca9e86317%22:%91%22button_bg_color%22%93}\u00bb button_bg_color__hover=\u00bb#494949&#8243; button_bg_color__hover_enabled=\u00bbon|hover\u00bb theme_builder_area=\u00bbpost_content\u00bb][\/et_pb_button][\/et_pb_column][et_pb_column type=\u00bb1_4&#8243; _builder_version=\u00bb4.16&#8243; _module_preset=\u00bbdefault\u00bb global_colors_info=\u00bb{}\u00bb theme_builder_area=\u00bbpost_content\u00bb][\/et_pb_column][\/et_pb_row][\/et_pb_section][et_pb_section fb_built=\u00bb1&#8243; admin_label=\u00bbFeatures\u00bb _builder_version=\u00bb4.16&#8243; _module_preset=\u00bbdefault\u00bb locked=\u00bboff\u00bb global_colors_info=\u00bb{}\u00bb theme_builder_area=\u00bbpost_content\u00bb][et_pb_row column_structure=\u00bb2_5,3_5&#8243; _builder_version=\u00bb4.16&#8243; _module_preset=\u00bbdefault\u00bb global_colors_info=\u00bb{}\u00bb theme_builder_area=\u00bbpost_content\u00bb custom_padding=\u00bb|||0px||\u00bb width=\u00bb87.7%\u00bb][et_pb_column type=\u00bb2_5&#8243; _builder_version=\u00bb4.16&#8243; _module_preset=\u00bbdefault\u00bb global_colors_info=\u00bb{}\u00bb theme_builder_area=\u00bbpost_content\u00bb][et_pb_text _builder_version=\u00bb4.16&#8243; _module_preset=\u00bb32021f09-dd67-47fb-8f9a-832b72a38baf\u00bb header_2_font=\u00bbChakra Petch|700|||||||\u00bb header_2_text_color=\u00bb#000000&#8243; header_2_font_size=\u00bb70px\u00bb header_2_line_height=\u00bb1.1em\u00bb header_2_font_size_tablet=\u00bb40px\u00bb header_2_font_size_phone=\u00bb24px\u00bb header_2_font_size_last_edited=\u00bbon|phone\u00bb locked=\u00bboff\u00bb global_colors_info=\u00bb{}\u00bb theme_builder_area=\u00bbpost_content\u00bb custom_padding=\u00bb|0px||||\u00bb width=\u00bb100%\u00bb]<\/p>\n<h2>Experimenta la Tranquilidad con Exacq<\/h2>\n<h2><\/h2>\n<p>[\/et_pb_text][\/et_pb_column][et_pb_column type=\u00bb3_5&#8243; _builder_version=\u00bb4.16&#8243; _module_preset=\u00bbdefault\u00bb global_colors_info=\u00bb{}\u00bb theme_builder_area=\u00bbpost_content\u00bb][et_pb_text _builder_version=\u00bb4.16&#8243; _module_preset=\u00bbaec0be99-8a53-4f75-abf2-64f29a8b4cc2&#8243; text_font=\u00bbExo||||||||\u00bb text_text_color=\u00bb#000000&#8243; text_font_size=\u00bb18px\u00bb text_line_height=\u00bb1.8em\u00bb custom_margin=\u00bb||30px||false|false\u00bb text_font_size_tablet=\u00bb16px\u00bb text_font_size_phone=\u00bb14px\u00bb text_font_size_last_edited=\u00bbon|phone\u00bb locked=\u00bboff\u00bb global_colors_info=\u00bb{}\u00bb theme_builder_area=\u00bbpost_content\u00bb]<\/p>\n<p>Tu Soluci\u00f3n de Video vigilancia Confiable<\/p>\n<p>En Exacq entendemos tus necesidades de seguridad. Nuestro enfoque se centra en brindarte la tranquilidad que mereces al ofrecerte una soluci\u00f3n de videovigilancia confiable y efectiva. Somos l\u00edderes en el desarrollo de software y servidores de gesti\u00f3n de v\u00eddeo (VMS), dise\u00f1ados para satisfacer una amplia variedad de aplicaciones de seguridad. Con Exacq, puedes estar seguro de que tienes en tus manos una soluci\u00f3n que se adapta perfectamente a tus requerimientos, protegiendo lo que m\u00e1s te importa.<\/p>\n<p>[\/et_pb_text][\/et_pb_column][\/et_pb_row][et_pb_row _builder_version=\u00bb4.24.2&#8243; _module_preset=\u00bbdefault\u00bb global_colors_info=\u00bb{}\u00bb theme_builder_area=\u00bbpost_content\u00bb][et_pb_column type=\u00bb4_4&#8243; _builder_version=\u00bb4.24.2&#8243; _module_preset=\u00bbdefault\u00bb global_colors_info=\u00bb{}\u00bb theme_builder_area=\u00bbpost_content\u00bb][et_pb_image src=\u00bbhttps:\/\/pro-solutions-security.com\/wp-content\/uploads\/2024\/03\/exacq-lineup-higher-res.png\u00bb title_text=\u00bbexacq-lineup-higher-res\u00bb _builder_version=\u00bb4.24.2&#8243; _module_preset=\u00bbdefault\u00bb hover_enabled=\u00bb0&#8243; global_colors_info=\u00bb{}\u00bb theme_builder_area=\u00bbpost_content\u00bb sticky_enabled=\u00bb0&#8243;][\/et_pb_image][\/et_pb_column][\/et_pb_row][\/et_pb_section]<\/p>\n","protected":false},"excerpt":{"rendered":"<p>Video VigilanciaExperimenta la Tranquilidad con Exacq Tu Soluci\u00f3n de Video vigilancia Confiable En Exacq entendemos tus necesidades de seguridad. Nuestro enfoque se centra en brindarte la tranquilidad que mereces al ofrecerte una soluci\u00f3n de videovigilancia confiable y efectiva. Somos l\u00edderes en el desarrollo de software y servidores de gesti\u00f3n de v\u00eddeo (VMS), dise\u00f1ados para satisfacer [&hellip;]<\/p>\n","protected":false},"author":3,"featured_media":0,"parent":0,"menu_order":0,"comment_status":"closed","ping_status":"closed","template":"","meta":{"_et_pb_use_builder":"on","_et_pb_old_content":"","_et_gb_content_width":"","footnotes":""},"class_list":["post-84","page","type-page","status-publish","hentry"],"_links":{"self":[{"href":"https:\/\/pro-solutions-security.com\/index.php?rest_route=\/wp\/v2\/pages\/84","targetHints":{"allow":["GET"]}}],"collection":[{"href":"https:\/\/pro-solutions-security.com\/index.php?rest_route=\/wp\/v2\/pages"}],"about":[{"href":"https:\/\/pro-solutions-security.com\/index.php?rest_route=\/wp\/v2\/types\/page"}],"author":[{"embeddable":true,"href":"https:\/\/pro-solutions-security.com\/index.php?rest_route=\/wp\/v2\/users\/3"}],"replies":[{"embeddable":true,"href":"https:\/\/pro-solutions-security.com\/index.php?rest_route=%2Fwp%2Fv2%2Fcomments&post=84"}],"version-history":[{"count":3,"href":"https:\/\/pro-solutions-security.com\/index.php?rest_route=\/wp\/v2\/pages\/84\/revisions"}],"predecessor-version":[{"id":90,"href":"https:\/\/pro-solutions-security.com\/index.php?rest_route=\/wp\/v2\/pages\/84\/revisions\/90"}],"wp:attachment":[{"href":"https:\/\/pro-solutions-security.com\/index.php?rest_route=%2Fwp%2Fv2%2Fmedia&parent=84"}],"curies":[{"name":"wp","href":"https:\/\/api.w.org\/{rel}","templated":true}]}}